{"id":3796,"date":"2022-03-07T14:29:24","date_gmt":"2022-03-07T14:29:24","guid":{"rendered":"https:\/\/kpd.gddkia.gov.pl\/?page_id=3796"},"modified":"2022-03-07T14:34:37","modified_gmt":"2022-03-07T14:34:37","slug":"deklaracja-dostepnosci-serwisu-krajowego-punktu-dostepowego-generalnej-dyrekcji-drog-krajowych-i-autostrad","status":"publish","type":"page","link":"https:\/\/kpd.gddkia.gov.pl\/index.php\/pl\/deklaracja-dostepnosci-serwisu-krajowego-punktu-dostepowego-generalnej-dyrekcji-drog-krajowych-i-autostrad\/","title":{"rendered":"Deklaracja dost\u0119pno\u015bci serwisu Krajowego Punktu Dost\u0119powego Generalnej Dyrekcji Dr\u00f3g Krajowych i Autostrad"},"content":{"rendered":"<div id=\"pl-3796\"  class=\"panel-layout\" ><div id=\"pg-3796-0\"  class=\"panel-grid panel-no-style\" ><div id=\"pgc-3796-0-0\"  class=\"panel-grid-cell\" ><div id=\"panel-3796-0-0-0\" class=\"so-panel widget widget_sow-editor panel-first-child panel-last-child\" data-index=\"0\" ><div\r\n\t\t\t\r\n\t\t\tclass=\"so-widget-sow-editor so-widget-sow-editor-base\"\r\n\t\t\t\r\n\t\t>\r\n<div class=\"siteorigin-widget-tinymce textwidget\">\r\n\t<p>Generalna Dyrekcja Dr\u00f3g Krajowych i Autostrad zobowi\u0105zuje si\u0119 zapewni\u0107 dost\u0119pno\u015b\u0107 strony internetowej www.kpd.gddkia.gov.pl zgodnie z ustaw\u0105 z dnia 4 kwietnia 2019 r. o dost\u0119pno\u015bci cyfrowej stron internetowych i aplikacji mobilnych podmiot\u00f3w publicznych. O\u015bwiadczenie w sprawie dost\u0119pno\u015bci ma zastosowanie do\u00a0<a href=\"https:\/\/kpd.gddkia.gov.pl\/index.php\/pl\/main\/\">serwisu internetowego Krajowego Punktu Dost\u0119powego<\/a><\/p>\n<p>Data publikacji strony internetowej: 2017-12-06<\/p>\n<p>Data ostatniej du\u017cej aktualizacji: 2021-12-20.<\/p>\n<p>Strona internetowa jest cz\u0119\u015bciowo zgodna z ustaw\u0105 o dost\u0119pno\u015bci cyfrowej stron internetowych i aplikacji mobilnych podmiot\u00f3w publicznych z powodu poni\u017cszych niezgodno\u015bci lub wy\u0142\u0105cze\u0144:<\/p>\n<ul>\n<li>mog\u0105 zdarzy\u0107 si\u0119 sytuacje, \u017ce pomimo stara\u0144 redaktor\u00f3w serwisu, pewne dokumenty opublikowane na stronie s\u0105 niedost\u0119pne z uwagi na fakt, \u017ce:\n<ul>\n<li>pochodz\u0105 z r\u00f3\u017cnych \u017ar\u00f3de\u0142,<\/li>\n<li>s\u0105 bardzo obszerne, a ich wytworzenie odbywa\u0142o si\u0119 w kilku kom\u00f3rkach organizacyjnych, co uniemo\u017cliwia\u0142o wp\u0142yw na ich docelow\u0105 tre\u015b\u0107 oraz kszta\u0142t,<\/li>\n<li>opublikowane zosta\u0142y w oparciu o zasady przyj\u0119te w innej instytucji,<\/li>\n<li>posiadaj\u0105 struktur\u0119, w kt\u00f3r\u0105 nie ma mo\u017cliwo\u015bci ingerencji,<\/li>\n<li>opublikowane zosta\u0142y przed wej\u015bciem w \u017cycie ustawy o dost\u0119pno\u015bci cyfrowej.<\/li>\n<li>brak jest gdzieniegdzie poprawnych opis\u00f3w alternatywnych fotografii lub grafik znalezionych w serwisie. Dok\u0142adamy wszelkich stara\u0144 by wszyscy redaktorzy byli przeszkoleni w zakresie prawid\u0142owego dodawania tre\u015bci.<\/li>\n<li>Geoportal SIPAM jest typowym geoportalem (zawiera mapy) i jako taki jest wy\u0142\u0105czony z prawnego obowi\u0105zku spe\u0142nienia standard\u00f3w dost\u0119pno\u015bci zgodnie ze specyfikacj\u0105 WCAG 2.1 zgodnie z zapisami ustawy z dnia 4 kwietnia 2019 r. o dost\u0119pno\u015bci cyfrowej stron internetowych i aplikacji mobilnych podmiot\u00f3w publicznych (Dz. U. 2019 poz. 84):<\/li>\n<li>Ustawy nie stosuje si\u0119 do nast\u0119puj\u0105cych element\u00f3w stron internetowych i aplikacji mobilnych: (\u2026) 4) map oraz map interaktywnych, w tym geoportali, pod warunkiem \u017ce w przypadku map interaktywnych i geoportali przeznaczonych do zastosowa\u0144 nawigacyjnych dane teleadresowe i po\u0142o\u017cenie geograficzne prezentowane s\u0105 w spos\u00f3b dost\u0119pny cyfrowo. Spe\u0142nienie wszystkich wymog\u00f3w jest w tym przypadku niewykonalne, jednak mo\u017cliwe jest podniesienie komfortu pracy dla os\u00f3b s\u0142abowidz\u0105cych i udost\u0119pnienie opcji kontaktu z administratorem strony w przypadku os\u00f3b z innymi niepe\u0142nosprawno\u015bciami. Podstawowe usprawnienia powinny dotyczy\u0107 poprawienia czytelno\u015bci tre\u015bci, dost\u0119pu z poziomu klawiatury, edycji struktury html czy mo\u017cliwo\u015bci korzystania z portalu na urz\u0105dzeniach przeno\u015bnych.<\/li>\n<\/ul>\n<\/li>\n<\/ul>\n<p>O\u015bwiadczenie sporz\u0105dzono dnia 2022-02-03. Deklaracj\u0119 sporz\u0105dzono na podstawie samooceny podmiotu publicznego<\/p>\n<p>Na stronie internetowej mo\u017cna korzysta\u0107 ze standardowych skr\u00f3t\u00f3w klawiaturowych.<\/p>\n<p>Mapy s\u0105 wy\u0142\u0105czone z dost\u0119pno\u015bci cyfrowej na mocy ustawy.<\/p>\n<p>Deklaracja zgodna z deklaracj\u0105 g\u0142\u00f3wnej strony Generalnej Dyrekcji Dr\u00f3g Krajowych i Autostrad <a href=\"https:\/\/www.gov.pl\/web\/gddkia\/deklaracja-dostepnosci\">https:\/\/www.gov.pl\/web\/gddkia\/deklaracja-dostepnosci<\/a><\/p>\n<h2><strong>Informacje zwrotne i dane kontaktowe<\/strong><\/h2>\n<p>W przypadku problem\u00f3w z dost\u0119pno\u015bci\u0105 strony internetowej prosimy o kontakt. Osob\u0105 odpowiedzialn\u0105 jest Liwia Zaradkiewicz, adres poczty elektronicznej\u00a0<a href=\"mailto:lzaradkiewicz@gddkia.gov.pl\">lzaradkiewicz@gddkia.gov.pl<\/a>. Kontaktowa\u0107 mo\u017cna si\u0119 tak\u017ce dzwoni\u0105c na numer telefonu +48 22 375 89 50. T\u0105 sam\u0105 drog\u0105 mo\u017cna sk\u0142ada\u0107 wnioski o udost\u0119pnienie informacji niedost\u0119pnej oraz sk\u0142ada\u0107 skargi na brak zapewnienia dost\u0119pno\u015bci.<\/p>\n<p>Ka\u017cdy ma prawo do wyst\u0105pienia z \u017c\u0105daniem zapewnienia dost\u0119pno\u015bci cyfrowej strony internetowej, aplikacji mobilnej lub jakiego\u015b ich elementu. Mo\u017cna tak\u017ce za\u017c\u0105da\u0107 udost\u0119pnienia informacji w formach alternatywnych, na przyk\u0142ad odczytanie niedost\u0119pnego cyfrowo dokumentu, opisania zawarto\u015bci filmu bez audiodeskrypcji itp. \u017b\u0105danie powinno zawiera\u0107 dane osoby zg\u0142aszaj\u0105cej \u017c\u0105danie, wskazanie, o kt\u00f3r\u0105 stron\u0119 internetow\u0105 lub aplikacj\u0119 mobiln\u0105 chodzi oraz spos\u00f3b kontaktu. Je\u017celi osoba \u017c\u0105daj\u0105ca zg\u0142asza potrzeb\u0119 otrzymania informacji w formie alternatywnej, powinna tak\u017ce okre\u015bli\u0107 form\u0119 tej informacji.<\/p>\n<p>Podmiot publiczny powinien zrealizowa\u0107 \u017c\u0105danie niezw\u0142ocznie i nie p\u00f3\u017aniej, ni\u017c w ci\u0105gu 7 dni. Je\u017celi dotrzymanie tego terminu nie jest mo\u017cliwe, podmiot publiczny niezw\u0142ocznie informuje o tym, kiedy realizacja \u017c\u0105dania b\u0119dzie mo\u017cliwa, przy czym termin ten nie mo\u017ce by\u0107 d\u0142u\u017cszy ni\u017c 2 miesi\u0105ce. Je\u017celi zapewnienie dost\u0119pno\u015bci nie jest mo\u017cliwe, podmiot publiczny mo\u017ce zaproponowa\u0107 alternatywny spos\u00f3b dost\u0119pu do informacji.<\/p>\n<p>W przypadku, gdy podmiot odm\u00f3wi realizacji \u017c\u0105dania zapewnienia dost\u0119pno\u015bci lub alternatywnego dost\u0119pu do informacji, mo\u017cna z\u0142o\u017cy\u0107 skarg\u0119 na takie dzia\u0142anie.<\/p>\n<p>Po wyczerpaniu wszystkich mo\u017cliwo\u015bci skarg\u0119 mo\u017cna przes\u0142a\u0107 tak\u017ce do\u00a0<a href=\"https:\/\/www.rpo.gov.pl\/content\/jak-zglosic-sie-do-rzecznika-praw-obywatelskich\">Rzecznika Praw Obywatelskich<\/a>.<\/p>\n<\/div>\r\n<\/div><\/div><\/div><\/div><\/div>","protected":false},"excerpt":{"rendered":"<p>Generalna Dyrekcja Dr\u00f3g Krajowych i Autostrad zobowi\u0105zuje si\u0119 zapewni\u0107 dost\u0119pno\u015b\u0107 strony internetowej www.kpd.gddkia.gov.pl zgodnie z ustaw\u0105 z dnia 4 kwietnia 2019 r. o dost\u0119pno\u015bci cyfrowej stron internetowych i aplikacji mobilnych podmiot\u00f3w publicznych. O\u015bwiadczenie w sprawie dost\u0119pno\u015bci ma zastosowanie do\u00a0serwisu internetowego Krajowego Punktu Dost\u0119powego Data publikacji strony internetowej: 2017-12-06 Data ostatniej du\u017cej aktualizacji: 2021-12-20. Strona internetowa [&hellip;]<\/p>\n","protected":false},"author":1,"featured_media":0,"parent":0,"menu_order":0,"comment_status":"closed","ping_status":"closed","template":"","meta":{"footnotes":""},"_links":{"self":[{"href":"https:\/\/kpd.gddkia.gov.pl\/index.php\/wp-json\/wp\/v2\/pages\/3796"}],"collection":[{"href":"https:\/\/kpd.gddkia.gov.pl\/index.php\/wp-json\/wp\/v2\/pages"}],"about":[{"href":"https:\/\/kpd.gddkia.gov.pl\/index.php\/wp-json\/wp\/v2\/types\/page"}],"author":[{"embeddable":true,"href":"https:\/\/kpd.gddkia.gov.pl\/index.php\/wp-json\/wp\/v2\/users\/1"}],"replies":[{"embeddable":true,"href":"https:\/\/kpd.gddkia.gov.pl\/index.php\/wp-json\/wp\/v2\/comments?post=3796"}],"version-history":[{"count":6,"href":"https:\/\/kpd.gddkia.gov.pl\/index.php\/wp-json\/wp\/v2\/pages\/3796\/revisions"}],"predecessor-version":[{"id":3803,"href":"https:\/\/kpd.gddkia.gov.pl\/index.php\/wp-json\/wp\/v2\/pages\/3796\/revisions\/3803"}],"wp:attachment":[{"href":"https:\/\/kpd.gddkia.gov.pl\/index.php\/wp-json\/wp\/v2\/media?parent=3796"}],"curies":[{"name":"wp","href":"https:\/\/api.w.org\/{rel}","templated":true}]}}