{"id":3745,"date":"2020-03-10T21:07:23","date_gmt":"2020-03-10T21:07:23","guid":{"rendered":"https:\/\/kpd.gddkia.gov.pl\/?page_id=3745"},"modified":"2023-03-17T08:11:43","modified_gmt":"2023-03-17T08:11:43","slug":"mapa-utrudnien","status":"publish","type":"page","link":"https:\/\/kpd.gddkia.gov.pl\/index.php\/pl\/mapa-utrudnien\/","title":{"rendered":"Mapa utrudnie\u0144"},"content":{"rendered":"<div id=\"pl-3745\"  class=\"panel-layout\" ><div id=\"pg-3745-0\"  class=\"panel-grid panel-no-style\" ><div id=\"pgc-3745-0-0\"  class=\"panel-grid-cell\" ><div id=\"panel-3745-0-0-0\" class=\"so-panel widget widget_text panel-first-child panel-last-child\" data-index=\"0\" ><h3 class=\"widget-title\">Mapa utrudnie\u0144 &#8211; Generalna Dyrekcja Dr\u00f3g Krajowych i Autostrad nie gromadzi danych u\u017cytkownik\u00f3w dotycz\u0105cych geolokalizacji<\/h3>\t\t\t<div class=\"textwidget\"><div id=\"map\" class=\"map\" style=\"height: 700px;\"><\/div>\n<p><script src=\"\/map\/kpd-map.js\"><\/script><\/p>\n<\/div>\r\n\t\t<\/div><\/div><\/div><\/div>","protected":false},"excerpt":{"rendered":"<p>Mapa utrudnie\u0144 &#8211; Generalna Dyrekcja Dr\u00f3g Krajowych i Autostrad nie gromadzi danych u\u017cytkownik\u00f3w dotycz\u0105cych geolokalizacji<\/p>\n","protected":false},"author":1,"featured_media":0,"parent":0,"menu_order":0,"comment_status":"closed","ping_status":"closed","template":"","meta":{"footnotes":""},"_links":{"self":[{"href":"https:\/\/kpd.gddkia.gov.pl\/index.php\/wp-json\/wp\/v2\/pages\/3745"}],"collection":[{"href":"https:\/\/kpd.gddkia.gov.pl\/index.php\/wp-json\/wp\/v2\/pages"}],"about":[{"href":"https:\/\/kpd.gddkia.gov.pl\/index.php\/wp-json\/wp\/v2\/types\/page"}],"author":[{"embeddable":true,"href":"https:\/\/kpd.gddkia.gov.pl\/index.php\/wp-json\/wp\/v2\/users\/1"}],"replies":[{"embeddable":true,"href":"https:\/\/kpd.gddkia.gov.pl\/index.php\/wp-json\/wp\/v2\/comments?post=3745"}],"version-history":[{"count":7,"href":"https:\/\/kpd.gddkia.gov.pl\/index.php\/wp-json\/wp\/v2\/pages\/3745\/revisions"}],"predecessor-version":[{"id":3820,"href":"https:\/\/kpd.gddkia.gov.pl\/index.php\/wp-json\/wp\/v2\/pages\/3745\/revisions\/3820"}],"wp:attachment":[{"href":"https:\/\/kpd.gddkia.gov.pl\/index.php\/wp-json\/wp\/v2\/media?parent=3745"}],"curies":[{"name":"wp","href":"https:\/\/api.w.org\/{rel}","templated":true}]}}