{"id":1962,"date":"2017-09-01T07:28:22","date_gmt":"2017-09-01T07:28:22","guid":{"rendered":"http:\/\/kpd.kpd-tst.qumak.pl\/?page_id=1962"},"modified":"2017-12-14T09:34:33","modified_gmt":"2017-12-14T09:34:33","slug":"homepage","status":"publish","type":"page","link":"https:\/\/kpd.gddkia.gov.pl\/index.php\/en\/homepage\/","title":{"rendered":"Homepage"},"content":{"rendered":"<div id=\"pl-1962\"  class=\"panel-layout\" ><div id=\"pg-1962-0\"  class=\"panel-grid panel-has-style\" ><div class=\"homepage-mobile-row panel-row-style panel-row-style-for-1962-0\" ><div id=\"pgc-1962-0-0\"  class=\"panel-grid-cell\" ><div id=\"panel-1962-0-0-0\" class=\"so-panel widget widget_sow-editor panel-first-child\" data-index=\"0\" ><div class=\"panel-widget-style panel-widget-style-for-1962-0-0-0\" ><div\r\n\t\t\t\r\n\t\t\tclass=\"so-widget-sow-editor so-widget-sow-editor-base\"\r\n\t\t\t\r\n\t\t>\r\n<div class=\"siteorigin-widget-tinymce textwidget\">\r\n\t<p>&nbsp;<\/p>\n<hr \/>\n<p>&nbsp;<\/p>\n<\/div>\r\n<\/div><\/div><\/div><div id=\"panel-1962-0-0-1\" class=\"so-panel widget widget_sow-editor\" data-index=\"1\" ><div class=\"panel-widget-style panel-widget-style-for-1962-0-0-1\" ><div\r\n\t\t\t\r\n\t\t\tclass=\"so-widget-sow-editor so-widget-sow-editor-base\"\r\n\t\t\t\r\n\t\t>\r\n<div class=\"siteorigin-widget-tinymce textwidget\">\r\n\t<h2 style=\"font-size: 18px !important; font-family: verdana, geneva, sans-serif;\">NAP AS A SOURCE OF DATA ON TRAFFIC CONDITIONS<\/h2>\n<\/div>\r\n<\/div><\/div><\/div><div id=\"panel-1962-0-0-2\" class=\"so-panel widget widget_sow-editor panel-last-child\" data-index=\"2\" ><div class=\"panel-widget-style panel-widget-style-for-1962-0-0-2\" ><div\r\n\t\t\t\r\n\t\t\tclass=\"so-widget-sow-editor so-widget-sow-editor-base\"\r\n\t\t\t\r\n\t\t>\r\n<div class=\"siteorigin-widget-tinymce textwidget\">\r\n\t<p><span style=\"font-family: verdana, geneva, sans-serif;\"><strong>Service of the National Access Point implemented under international projects CROCODILE and CROCODILE 2 provides credible information about traffic conditions nationwide, and, in the future, it will also allow cross-border exchange of data. Consistent communication interface, in conformity with requirements of the European Commission will ensure interoperability.<\/strong><\/span><\/p>\n<\/div>\r\n<\/div><\/div><\/div><\/div><\/div><\/div><div id=\"pg-1962-1\"  class=\"panel-grid panel-no-style\" ><div id=\"pgc-1962-1-0\"  class=\"panel-grid-cell\" ><div id=\"panel-1962-1-0-0\" class=\"so-panel widget widget_sow-editor panel-first-child panel-last-child\" data-index=\"3\" ><div class=\"homepage-img-big panel-widget-style panel-widget-style-for-1962-1-0-0\" ><div\r\n\t\t\t\r\n\t\t\tclass=\"so-widget-sow-editor so-widget-sow-editor-base\"\r\n\t\t\t\r\n\t\t>\r\n<div class=\"siteorigin-widget-tinymce textwidget\">\r\n\t<h2 class=\"wcag_hide\">The National Access Point provides information for<\/h2>\n<p><img decoding=\"async\" id=\"home_img_en\" style=\"width: 100%;\" alt=\"\" src=\"\/wp-content\/uploads\/2017\/06\/KPD2_ANG1.png\" \/><\/p>\n<\/div>\r\n<\/div><\/div><\/div><\/div><div id=\"pgc-1962-1-1\"  class=\"panel-grid-cell panel-grid-cell-mobile-last\" ><div class=\"panel-cell-style panel-cell-style-for-1962-1-1\" ><div id=\"panel-1962-1-1-0\" class=\"so-panel widget widget_sow-editor panel-first-child\" data-index=\"4\" ><div class=\"homepage-first panel-widget-style panel-widget-style-for-1962-1-1-0\" ><div\r\n\t\t\t\r\n\t\t\tclass=\"so-widget-sow-editor so-widget-sow-editor-base\"\r\n\t\t\t\r\n\t\t>\r\n<div class=\"siteorigin-widget-tinymce textwidget\">\r\n\t<p><img loading=\"lazy\" decoding=\"async\" width=\"1134\" height=\"925\" class=\"homepage-img aligncenter wp-image-1498\" style=\"margin-bottom: -10px;\" src=\"\/wp-content\/uploads\/2017\/06\/zarzadzajacy-drog.png\" alt=\"\" \/><\/p>\n<h3 style=\"text-align: center; font-size: 18px  !important;  font-family: verdana, geneva, sans-serif;\" aria-hidden=\"true\">ROAD ADMINISTRATORS<\/h3>\n<p>&nbsp;<\/p>\n<\/div>\r\n<\/div><\/div><\/div><div id=\"panel-1962-1-1-1\" class=\"so-panel widget widget_sow-editor\" data-index=\"5\" ><div class=\"homepage-first-hover homepage-hide panel-widget-style panel-widget-style-for-1962-1-1-1\" ><div\r\n\t\t\t\r\n\t\t\tclass=\"so-widget-sow-editor so-widget-sow-editor-base\"\r\n\t\t\t\r\n\t\t>\r\n<div class=\"siteorigin-widget-tinymce textwidget\">\r\n\t<h3 style=\"font-size: 24px  !important; text-align: center; font-family: verdana, geneva, sans-serif;\">ROAD ADMINISTRATORS<\/h3>\n<p style=\"text-align: center; font-family: verdana, geneva, sans-serif;\">will obtain current information about traffic and road works on adjacent road network belonging to other road operators.<br \/>\n<strong><a class=\"caf-first\" style=\"font-family: verdana, geneva, sans-serif;\" href=\"\/index.php\/en\/road-administrators\/\"><ins>More information<\/ins><span class=\"wcag_hide\">about the road administrators<\/span>.<\/a><\/strong><\/p>\n<\/div>\r\n<\/div><\/div><\/div><div id=\"panel-1962-1-1-2\" class=\"so-panel widget widget_sow-editor\" data-index=\"6\" ><div class=\"homepage-second panel-widget-style panel-widget-style-for-1962-1-1-2\" ><div\r\n\t\t\t\r\n\t\t\tclass=\"so-widget-sow-editor so-widget-sow-editor-base\"\r\n\t\t\t\r\n\t\t>\r\n<div class=\"siteorigin-widget-tinymce textwidget\">\r\n\t<p><img loading=\"lazy\" decoding=\"async\" width=\"1134\" height=\"925\" class=\"homepage-img aligncenter wp-image-1495\" style=\"margin-bottom: -10px;\" src=\"\/wp-content\/uploads\/2017\/06\/dostawcy-uslug.png\" alt=\"\" \/><\/p>\n<h3 style=\"text-align: center; font-size: 18px  !important;  font-family: verdana, geneva, sans-serif;\" aria-hidden=\"true\">SERVICE PROVIDERS<\/h3>\n<p>&nbsp;<\/p>\n<\/div>\r\n<\/div><\/div><\/div><div id=\"panel-1962-1-1-3\" class=\"so-panel widget widget_sow-editor\" data-index=\"7\" ><div class=\"homepage-second-hover homepage-hide panel-widget-style panel-widget-style-for-1962-1-1-3\" ><div\r\n\t\t\t\r\n\t\t\tclass=\"so-widget-sow-editor so-widget-sow-editor-base\"\r\n\t\t\t\r\n\t\t>\r\n<div class=\"siteorigin-widget-tinymce textwidget\">\r\n\t<h3 style=\"font-size: 24px  !important; text-align: center;\">SERVICE PROVIDERS<\/h3>\n<p style=\"text-align: center; font-family: verdana, geneva, sans-serif;\">reduce operating costs associated with collecting data from road administrators and create innovative travel information services.<br \/>\n<strong><a class=\"caf-second\" style=\"font-family: verdana, geneva, sans-serif;\" href=\"\/index.php\/en\/service-providers\/\"><ins>More information<\/ins><span class=\"wcag_hide\">about the service providers<\/span>.<\/a><\/strong><\/p>\n<\/div>\r\n<\/div><\/div><\/div><div id=\"panel-1962-1-1-4\" class=\"so-panel widget widget_sow-editor\" data-index=\"8\" ><div class=\"homepage-third panel-widget-style panel-widget-style-for-1962-1-1-4\" ><div\r\n\t\t\t\r\n\t\t\tclass=\"so-widget-sow-editor so-widget-sow-editor-base\"\r\n\t\t\t\r\n\t\t>\r\n<div class=\"siteorigin-widget-tinymce textwidget\">\r\n\t<p><img loading=\"lazy\" decoding=\"async\" width=\"1134\" height=\"925\" class=\"homepage-img aligncenter wp-image-1496\" style=\"margin-bottom: -10px;\" src=\"\/wp-content\/uploads\/2017\/06\/Media.png\" alt=\"\" \/><\/p>\n<h3 style=\"text-align: center; font-size: 18px  !important; font-family: verdana, geneva, sans-serif;\" aria-hidden=\"true\">MEDIA<\/h3>\n<p>&nbsp;<\/p>\n<\/div>\r\n<\/div><\/div><\/div><div id=\"panel-1962-1-1-5\" class=\"so-panel widget widget_sow-editor\" data-index=\"9\" ><div class=\"homepage-third-hover homepage-hide panel-widget-style panel-widget-style-for-1962-1-1-5\" ><div\r\n\t\t\t\r\n\t\t\tclass=\"so-widget-sow-editor so-widget-sow-editor-base\"\r\n\t\t\t\r\n\t\t>\r\n<div class=\"siteorigin-widget-tinymce textwidget\">\r\n\t<h3 style=\"font-size: 24px  !important; text-align: center; font-family: verdana, geneva, sans-serif;\">MEDIA<\/h3>\n<p style=\"text-align: center; font-family: verdana, geneva, sans-serif;\">will obtain credible public information and will enable transferring information about traffic conditions to wide audience.<br \/>\n<strong><a class=\"caf-third\" style=\"font-family: verdana, geneva, sans-serif;\" href=\"\/index.php\/en\/_media\/\"><ins>More information<\/ins><span class=\"wcag_hide\">about the media<\/span>.<\/a><\/strong><\/p>\n<\/div>\r\n<\/div><\/div><\/div><div id=\"panel-1962-1-1-6\" class=\"so-panel widget widget_sow-editor\" data-index=\"10\" ><div class=\"homepage-fourth panel-widget-style panel-widget-style-for-1962-1-1-6\" ><div\r\n\t\t\t\r\n\t\t\tclass=\"so-widget-sow-editor so-widget-sow-editor-base\"\r\n\t\t\t\r\n\t\t>\r\n<div class=\"siteorigin-widget-tinymce textwidget\">\r\n\t<p><img loading=\"lazy\" decoding=\"async\" width=\"1134\" height=\"925\" class=\"homepage-img aligncenter wp-image-1497\" style=\"margin-bottom: -10px;\" src=\"\/wp-content\/uploads\/2017\/06\/Sluzby_ratownicze-01.png\" alt=\"\" \/><\/p>\n<h3 style=\"text-align: center; font-size: 18px  !important;  font-family: verdana, geneva, sans-serif;\" aria-hidden=\"true\">EMERGENCY SERVICES<\/h3>\n<p>&nbsp;<\/p>\n<\/div>\r\n<\/div><\/div><\/div><div id=\"panel-1962-1-1-7\" class=\"so-panel widget widget_sow-editor panel-last-child\" data-index=\"11\" ><div class=\"homepage-fourth-hover homepage-hide panel-widget-style panel-widget-style-for-1962-1-1-7\" ><div\r\n\t\t\t\r\n\t\t\tclass=\"so-widget-sow-editor so-widget-sow-editor-base\"\r\n\t\t\t\r\n\t\t>\r\n<div class=\"siteorigin-widget-tinymce textwidget\">\r\n\t<h3 style=\"font-size: 24px  !important; text-align: center; font-family: verdana, geneva, sans-serif;\">EMERGENCY SERVICES<\/h3>\n<p style=\"text-align: center; font-family: verdana, geneva, sans-serif;\">will obtain credible information about the difficulties what will allow them fast access to those in need of help.<br \/>\n<strong><a class=\"caf-fourth\" style=\"font-family: verdana, geneva, sans-serif;\" href=\"\/index.php\/en\/emergency-services\/\"><ins>More information<\/ins><span class=\"wcag_hide\">about the emergency services<\/span>.<\/a><\/strong><\/p>\n<\/div>\r\n<\/div><\/div><\/div><\/div><\/div><div id=\"pgc-1962-1-2\"  class=\"panel-grid-cell panel-grid-cell-empty\" ><\/div><\/div><div id=\"pg-1962-2\"  class=\"panel-grid panel-has-style\" ><div id=\"kpd-logos-mobile-en\" class=\"panel-row-style panel-row-style-for-1962-2\" ><div id=\"pgc-1962-2-0\"  class=\"panel-grid-cell\" ><div id=\"panel-1962-2-0-0\" class=\"so-panel widget widget_sow-editor panel-first-child\" data-index=\"12\" ><div class=\"panel-widget-style panel-widget-style-for-1962-2-0-0\" ><div\r\n\t\t\t\r\n\t\t\tclass=\"so-widget-sow-editor so-widget-sow-editor-base\"\r\n\t\t\t\r\n\t\t>\r\n<div class=\"siteorigin-widget-tinymce textwidget\">\r\n\t<p><a href=\"https:\/\/ec.europa.eu\/inea\/en\/connecting-europe-facility\" target=\"_blank\" rel=\"noopener noreferrer\"><img loading=\"lazy\" decoding=\"async\" class=\"so-widget-image\" src=\"\/wp-content\/uploads\/2017\/06\/pl_cef__small.png\" alt=\"Instrument \u0141\u0105cz\u0105c Europ\u0119 - Webpage\" width=\"245\" height=\"30\" \/><br \/>\n<\/a><\/p>\n<\/div>\r\n<\/div><\/div><\/div><div id=\"panel-1962-2-0-1\" class=\"so-panel widget widget_sow-editor\" data-index=\"13\" ><div class=\"panel-widget-style panel-widget-style-for-1962-2-0-1\" ><div\r\n\t\t\t\r\n\t\t\tclass=\"so-widget-sow-editor so-widget-sow-editor-base\"\r\n\t\t\t\r\n\t\t>\r\n<div class=\"siteorigin-widget-tinymce textwidget\">\r\n\t<p><a href=\"https:\/\/crocodile.its-platform.eu\/\" target=\"_blank\" rel=\"noopener noreferrer\"><img loading=\"lazy\" decoding=\"async\" class=\"so-widget-image\" src=\"\/wp-content\/uploads\/2017\/06\/crocodile_small.png\" alt=\"Logo Crocodile\" width=\"86\" height=\"50\" \/><br \/>\n<\/a><\/p>\n<\/div>\r\n<\/div><\/div><\/div><div id=\"panel-1962-2-0-2\" class=\"so-panel widget widget_sow-editor panel-last-child\" data-index=\"14\" ><div\r\n\t\t\t\r\n\t\t\tclass=\"so-widget-sow-editor so-widget-sow-editor-base\"\r\n\t\t\t\r\n\t\t>\r\n<div class=\"siteorigin-widget-tinymce textwidget\">\r\n\t<p><a href=\"http:\/\/www.mib.gov.pl\" target=\"_blank\" rel=\"noopener noreferrer\"> <img loading=\"lazy\" decoding=\"async\" class=\"so-widget-image\" src=\"\/wp-content\/uploads\/2017\/06\/mib_small.png\" alt=\"Logo Ministerstwo Infrastruktury i Budownictwa\" width=\"176\" height=\"50\" \/><br \/>\n<\/a><\/p>\n<\/div>\r\n<\/div><\/div><\/div><\/div><\/div><div id=\"pg-1962-3\"  class=\"panel-grid panel-has-style\" ><div class=\"panel-row-style panel-row-style-for-1962-3\" ><div id=\"pgc-1962-3-0\"  class=\"panel-grid-cell\" ><div id=\"panel-1962-3-0-0\" class=\"so-panel widget widget_sow-editor panel-first-child\" data-index=\"15\" ><div class=\"panel-widget-style panel-widget-style-for-1962-3-0-0\" ><div\r\n\t\t\t\r\n\t\t\tclass=\"so-widget-sow-editor so-widget-sow-editor-base\"\r\n\t\t\t\r\n\t\t>\r\n<div class=\"siteorigin-widget-tinymce textwidget\">\r\n\t<h2 style=\"font-size: 18px !important; font-family: verdana, geneva, sans-serif;\">NAP AS A SOURCE OF DATA ON TRAFFIC CONDITIONS<\/h2>\n<\/div>\r\n<\/div><\/div><\/div><div id=\"panel-1962-3-0-1\" class=\"so-panel widget widget_sow-editor panel-last-child\" data-index=\"16\" ><div class=\"panel-widget-style panel-widget-style-for-1962-3-0-1\" ><div\r\n\t\t\t\r\n\t\t\tclass=\"so-widget-sow-editor so-widget-sow-editor-base\"\r\n\t\t\t\r\n\t\t>\r\n<div class=\"siteorigin-widget-tinymce textwidget\">\r\n\t<p><span style=\"font-family: verdana, geneva, sans-serif;\"><strong>Service of the National Access Point implemented under international projects CROCODILE and CROCODILE 2 provides credible information about traffic conditions nationwide, and, in the future, it will also allow cross-border exchange of data. Consistent communication interface, in conformity with requirements of the European Commission will ensure interoperability.<\/strong><\/span><\/p>\n<\/div>\r\n<\/div><\/div><\/div><\/div><\/div><\/div><\/div>","protected":false},"excerpt":{"rendered":"<p>&nbsp; &nbsp; NAP AS A SOURCE OF DATA ON TRAFFIC CONDITIONS Service of the National Access Point implemented under international projects CROCODILE and CROCODILE 2 provides credible information about traffic conditions nationwide, and, in the future, it will also allow cross-border exchange of data. Consistent communication interface, in conformity with requirements of the European Commission [&hellip;]<\/p>\n","protected":false},"author":1,"featured_media":0,"parent":0,"menu_order":0,"comment_status":"closed","ping_status":"closed","template":"","meta":{"footnotes":""},"_links":{"self":[{"href":"https:\/\/kpd.gddkia.gov.pl\/index.php\/wp-json\/wp\/v2\/pages\/1962"}],"collection":[{"href":"https:\/\/kpd.gddkia.gov.pl\/index.php\/wp-json\/wp\/v2\/pages"}],"about":[{"href":"https:\/\/kpd.gddkia.gov.pl\/index.php\/wp-json\/wp\/v2\/types\/page"}],"author":[{"embeddable":true,"href":"https:\/\/kpd.gddkia.gov.pl\/index.php\/wp-json\/wp\/v2\/users\/1"}],"replies":[{"embeddable":true,"href":"https:\/\/kpd.gddkia.gov.pl\/index.php\/wp-json\/wp\/v2\/comments?post=1962"}],"version-history":[{"count":170,"href":"https:\/\/kpd.gddkia.gov.pl\/index.php\/wp-json\/wp\/v2\/pages\/1962\/revisions"}],"predecessor-version":[{"id":2952,"href":"https:\/\/kpd.gddkia.gov.pl\/index.php\/wp-json\/wp\/v2\/pages\/1962\/revisions\/2952"}],"wp:attachment":[{"href":"https:\/\/kpd.gddkia.gov.pl\/index.php\/wp-json\/wp\/v2\/media?parent=1962"}],"curies":[{"name":"wp","href":"https:\/\/api.w.org\/{rel}","templated":true}]}}