{"id":1635,"date":"2017-08-29T10:51:05","date_gmt":"2017-08-29T10:51:05","guid":{"rendered":"http:\/\/kpd.kpd-tst.qumak.pl\/?page_id=1635"},"modified":"2017-11-16T17:43:33","modified_gmt":"2017-11-16T17:43:33","slug":"faq","status":"publish","type":"page","link":"https:\/\/kpd.gddkia.gov.pl\/index.php\/pl\/faq\/","title":{"rendered":"FAQ"},"content":{"rendered":"<div id=\"pl-1635\"  class=\"panel-layout\" ><div id=\"pg-1635-0\"  class=\"panel-grid panel-no-style\" ><div id=\"pgc-1635-0-0\"  class=\"panel-grid-cell\" ><div id=\"panel-1635-0-0-0\" class=\"so-panel widget widget_sow-editor panel-first-child\" data-index=\"0\" ><div class=\"ibox-title-download faq-h3-tab-container panel-widget-style panel-widget-style-for-1635-0-0-0\" id=\"rejestracja-aktywacja-title\" ><div\r\n\t\t\t\r\n\t\t\tclass=\"so-widget-sow-editor so-widget-sow-editor-base\"\r\n\t\t\t\r\n\t\t>\r\n<div class=\"siteorigin-widget-tinymce textwidget\">\r\n\t<h3 class=\"faq-h3-tab h3-download-page\" aria-expanded=\"false\"><i class=\"fa fa-chevron-down expand-one\" aria-hidden=\"true\"><\/i> Rejestracja i aktywacja konta<\/h3>\n<\/div>\r\n<\/div><\/div><\/div><div id=\"panel-1635-0-0-1\" class=\"so-panel widget widget_sow-editor\" data-index=\"1\" ><div class=\"item-toggle faq-h4-tab-container panel-widget-style panel-widget-style-for-1635-0-0-1\" id=\"rejestracja-toggle\" ><div\r\n\t\t\t\r\n\t\t\tclass=\"so-widget-sow-editor so-widget-sow-editor-base\"\r\n\t\t\t\r\n\t\t>\r\n<div class=\"siteorigin-widget-tinymce textwidget\">\r\n\t<h4 class=\"faq-h4-tab\" aria-expanded=\"false\" style=\"color: #ee6c00; font-family: verdana, geneva, sans-serif;\">Rejestracja<\/h4>\n<\/div>\r\n<\/div><\/div><\/div><div id=\"panel-1635-0-0-2\" class=\"so-panel widget widget_sow-editor\" data-index=\"2\" ><div class=\"answer-toggle panel-widget-style panel-widget-style-for-1635-0-0-2\" id=\"rejestracja-answer\" ><div\r\n\t\t\t\r\n\t\t\tclass=\"so-widget-sow-editor so-widget-sow-editor-base\"\r\n\t\t\t\r\n\t\t>\r\n<div class=\"siteorigin-widget-tinymce textwidget\">\r\n\t<p><span style=\"font-family: verdana, geneva, sans-serif;\">Aby si\u0119 zarejestrowa\u0107 nale\u017cy wype\u0142ni\u0107 jeden z wniosk\u00f3w rejestracyjnych <span aria-hidden=\"true\">znajduj\u0105cych si\u0119 <\/span><strong><a id=\"faq-5\" class=\"blur-links\"  style=\"color: #000;\" href=\"http:\/\/kpd.gddkia.gov.pl\/index.php\/pl\/pobierz\/\"><span class=\"wcag_hide\">Pobierz wniosek rejestracyjny<\/span><ins aria-hidden=\"true\">tutaj<\/ins>.<\/a><\/strong><\/span><\/p>\n<p><span style=\"font-family: verdana, geneva, sans-serif;\">Wype\u0142niony wniosek (skan wniosku lub w formacie dost\u0119pnym na stronie jako za\u0142\u0105cznik do e-mail) nale\u017cy odes\u0142a\u0107 poczt\u0105 elektroniczn\u0105 na adres e-mail: <a style=\"color: #000000;\" href=\"mailto:kpd@gddkia.gov.pl\"><ins><strong><span class=\"wcag_hide\">Email GDDKiA<\/span>kpd@gddkia.gov.pl<\/strong><\/ins><\/a> lub w wersji papierowej poczt\u0105 tradycyjn\u0105 na adres:\u00a0<strong>Generalna Dyrekcja Dr\u00f3g Krajowych i Autostrad ul. Wronia 53, 00-874 Warszawa<\/strong><\/span><\/p>\n<\/div>\r\n<\/div><\/div><\/div><div id=\"panel-1635-0-0-3\" class=\"so-panel widget widget_sow-editor\" data-index=\"3\" ><div class=\"item-toggle faq-h4-tab-container panel-widget-style panel-widget-style-for-1635-0-0-3\" id=\"aktywacja-toggle\" ><div\r\n\t\t\t\r\n\t\t\tclass=\"so-widget-sow-editor so-widget-sow-editor-base\"\r\n\t\t\t\r\n\t\t>\r\n<div class=\"siteorigin-widget-tinymce textwidget\">\r\n\t<h4 class=\"faq-h4-tab\" aria-expanded=\"false\" style=\"color: #ee6c00; font-family: verdana, geneva, sans-serif;\">Aktywacja konta<\/h4>\n<\/div>\r\n<\/div><\/div><\/div><div id=\"panel-1635-0-0-4\" class=\"so-panel widget widget_sow-editor panel-last-child\" data-index=\"4\" ><div class=\"answer-toggle panel-widget-style panel-widget-style-for-1635-0-0-4\" id=\"aktywacja-answer\" ><div\r\n\t\t\t\r\n\t\t\tclass=\"so-widget-sow-editor so-widget-sow-editor-base\"\r\n\t\t\t\r\n\t\t>\r\n<div class=\"siteorigin-widget-tinymce textwidget\">\r\n\t<p><span style=\"font-family: verdana, geneva, sans-serif;\">Na e-mail podany we wniosku w zale\u017cno\u015bci o jak\u0105 rejestracj\u0119 zosta\u0142 z\u0142o\u017cony wniosek:<\/span><\/p>\n<ul>\n<li><span style=\"font-family: verdana, geneva, sans-serif;\">Rejestracja u\u017cytkownika w KDP,<\/span><\/li>\n<li><span style=\"font-family: verdana, geneva, sans-serif;\">Rejestracja Dostawcy Danych \/ Odbiorcy Danych w KPD.<\/span><\/li>\n<\/ul>\n<p><span style=\"font-family: verdana, geneva, sans-serif;\">Otrzymaj\u0105 Pa\u0144stwo:<\/span><\/p>\n<ul style=\"list-style-type: circle;\">\n<li><span style=\"font-family: verdana, geneva, sans-serif;\">dla wniosku o rejestracj\u0119 Dostawcy Danych \/ Odbiorcy Danych generowane jest tylko powiadomienie o zarejestrowaniu Podmiotu w KPD. Kiedy Podmiot zostanie zarejestrowany w KPD mo\u017ce wyst\u0105pi\u0107 z wnioskiem o rejestracj\u0119 u\u017cytkownik\u00f3w. Sam podmiot nie posiada \u017cadnych uprawnie\u0144 do logowania w KPD,<\/span><\/li>\n<li><span style=\"font-family: verdana, geneva, sans-serif;\">dla wniosku o rejestracj\u0119 u\u017cytkownika (bez dost\u0119pu do API) na adres e-mail zostan\u0105 przes\u0142ane (login oraz link do zmiany has\u0142a), po otrzymaniu linku do zmiany has\u0142a nale\u017cy wej\u015b\u0107 na ten link i ustawi\u0107 sobie has\u0142o do aplikacji. Po zmianie has\u0142a u\u017cytkownik loguje si\u0119 podaj\u0105c adres e-mail (rejestracyjny) oraz has\u0142o kt\u00f3re sam sobie ustawi\u0142,<\/span><\/li>\n<li><span style=\"font-family: verdana, geneva, sans-serif;\">dla wniosku o rejestracj\u0119 u\u017cytkownika (z dost\u0119pem do API) na adres e-mail zostan\u0105 przes\u0142ane trzy e-maile:<\/span><br \/> <span style=\"font-family: verdana, geneva, sans-serif;\"> pierwszy e-mail z informacj\u0105 o tym, \u017ce w osobnym e-mailu zostanie przes\u0142any certyfikat z danymi dost\u0119powymi do \u015brodowiska testowego, link do potwierdzenia zako\u0144czenia test\u00f3w wymiany komunikat\u00f3w oraz link do terminarza test\u00f3w,<\/span><\/li>\n<li><span style=\"font-family: verdana, geneva, sans-serif;\">drugi e-mail b\u0119dzie zawiera\u0142 link do platformy testowej oraz certyfikat testowy,<\/span><\/li>\n<li><span style=\"font-family: verdana, geneva, sans-serif;\">w trzecim e-mailu zostanie przes\u0142any certyfikat (produkcyjny) wraz z linkiem dost\u0119powym (trzeci e-mail zostanie wys\u0142any tylko wtedy, kiedy u\u017cytkownik wejdzie na link potwierdzaj\u0105cy zako\u0144czenie test\u00f3w wymiany komunikat\u00f3w).<\/span><\/li>\n<\/ul>\n<\/div>\r\n<\/div><\/div><\/div><\/div><\/div><div id=\"pg-1635-1\"  class=\"panel-grid panel-has-style\" ><div id=\"komunikaty-container\" class=\"panel-row-style panel-row-style-for-1635-1\" ><div id=\"pgc-1635-1-0\"  class=\"panel-grid-cell\" ><div id=\"panel-1635-1-0-0\" class=\"so-panel widget widget_sow-editor panel-first-child\" data-index=\"5\" ><div class=\"ibox-title-download faq-h3-tab-container panel-widget-style panel-widget-style-for-1635-1-0-0\" id=\"komunikaty-title\" ><div\r\n\t\t\t\r\n\t\t\tclass=\"so-widget-sow-editor so-widget-sow-editor-base\"\r\n\t\t\t\r\n\t\t>\r\n<div class=\"siteorigin-widget-tinymce textwidget\">\r\n\t<h3 class=\"faq-h3-tab h3-download-page\" aria-expanded=\"false\"><i class=\"fa fa-chevron-down expand-one\" aria-hidden=\"true\"><\/i> Test wymiany komunikat\u00f3w<\/h3>\n<\/div>\r\n<\/div><\/div><\/div><div id=\"panel-1635-1-0-1\" class=\"so-panel widget widget_sow-editor panel-last-child\" data-index=\"6\" ><div class=\"answer panel-widget-style panel-widget-style-for-1635-1-0-1\" id=\"komunikaty\" ><div\r\n\t\t\t\r\n\t\t\tclass=\"so-widget-sow-editor so-widget-sow-editor-base\"\r\n\t\t\t\r\n\t\t>\r\n<div class=\"siteorigin-widget-tinymce textwidget\">\r\n\t<p><span style=\"font-family: verdana, geneva, sans-serif;\">Test wymiany komunikat\u00f3w jest po to \u017ceby sprawdzi\u0107 czy wszystko zosta\u0142o w prawid\u0142owy spos\u00f3b skonfigurowane i czy jest si\u0119 gotowym aby wymienia\u0107 informacj\u0119 z KPD. <span aria-hidden=\"true\">Terminarz test\u00f3w jest dost\u0119pny <\/span><\/span><strong><a id=\"faq-6\" class=\"blur-links\" style=\"color: #000000;\" href=\"http:\/\/kpd.gddkia.gov.pl\/index.php\/pl\/usluga-kpd\/\"><span class=\"wcag_hide\">Podstrona specyfikacji technicznej, gdzie mo\u017cna pobra\u0107 terminarz test\u00f3w<\/span><ins aria-hidden=\"true\">tutaj<\/ins>.<\/a><\/strong><\/p>\n<\/div>\r\n<\/div><\/div><\/div><\/div><\/div><\/div><div id=\"pg-1635-2\"  class=\"panel-grid panel-has-style\" ><div id=\"idid\" class=\"panel-row-style panel-row-style-for-1635-2\" ><div id=\"pgc-1635-2-0\"  class=\"panel-grid-cell\" ><div id=\"panel-1635-2-0-0\" class=\"so-panel widget widget_sow-editor panel-first-child\" data-index=\"7\" ><div class=\"ibox-title-download faq-h3-tab-container panel-widget-style panel-widget-style-for-1635-2-0-0\" id=\"odzyskiwanie-title\" ><div\r\n\t\t\t\r\n\t\t\tclass=\"so-widget-sow-editor so-widget-sow-editor-base\"\r\n\t\t\t\r\n\t\t>\r\n<div class=\"siteorigin-widget-tinymce textwidget\">\r\n\t<h3 class=\"faq-h3-tab h3-download-page\" aria-expanded=\"false\"><i id=\"download_arrow1\" class=\"fa fa-chevron-down expand-one\" aria-hidden=\"true\"><\/i> Odzyskiwanie has\u0142a<\/h3>\n<\/div>\r\n<\/div><\/div><\/div><div id=\"panel-1635-2-0-1\" class=\"so-panel widget widget_sow-editor panel-last-child\" data-index=\"8\" ><div class=\"answer panel-widget-style panel-widget-style-for-1635-2-0-1\" id=\"odzyskiwanie\" ><div\r\n\t\t\t\r\n\t\t\tclass=\"so-widget-sow-editor so-widget-sow-editor-base\"\r\n\t\t\t\r\n\t\t>\r\n<div class=\"siteorigin-widget-tinymce textwidget\">\r\n\t<p><span style=\"font-family: verdana, geneva, sans-serif;\">Aby odzyska\u0107 has\u0142o nale\u017cy skontaktowa\u0107 si\u0119 z GDDKIA poprzez <span aria-hidden=\"true\">formularz kontaktowy znajduj\u0105cy si\u0119 <\/span><strong><a id=\"faq-7\" class=\"blur-links\" style=\"color: #000000;\" href=\"http:\/\/kpd.gddkia.gov.pl\/index.php\/pl\/formularz-kontaktowy\/\"><span class=\"wcag_hide\">formularz kontaktowy<\/span><ins aria-hidden=\"true\">tutaj<\/ins><\/a><\/strong>. O zmian\u0119 \u2013 odzyskanie has\u0142a mo\u017ce wyst\u0105pi\u0107 tylko osoba do kontaktu w Pa\u0144stwa firmie (jest to osoba wskazana przy rejestracji Firmy). W tre\u015bci formularza kontaktowego nale\u017cy poda\u0107 nast\u0119puj\u0105ce dane:<\/span><\/p>\n<ul>\n<li><span style=\"font-family: verdana, geneva, sans-serif;\">Nazwa Podmiotu \u2013 Pracodawca - Firma<\/span><\/li>\n<li><span style=\"font-family: verdana, geneva, sans-serif;\">Imi\u0119 i Nazwisko (osoby dla kt\u00f3rej has\u0142o ma zosta\u0107 wygenerowane),<\/span><\/li>\n<li><span style=\"font-family: verdana, geneva, sans-serif;\">adres e-mail (osoby dla kt\u00f3rej has\u0142o ma zosta\u0107 wygenerowane).<\/span><\/li>\n<\/ul>\n<\/div>\r\n<\/div><\/div><\/div><\/div><\/div><\/div><\/div>","protected":false},"excerpt":{"rendered":"<p>Rejestracja i aktywacja konta Rejestracja Aby si\u0119 zarejestrowa\u0107 nale\u017cy wype\u0142ni\u0107 jeden z wniosk\u00f3w rejestracyjnych znajduj\u0105cych si\u0119 Pobierz wniosek rejestracyjnytutaj. Wype\u0142niony wniosek (skan wniosku lub w formacie dost\u0119pnym na stronie jako za\u0142\u0105cznik do e-mail) nale\u017cy odes\u0142a\u0107 poczt\u0105 elektroniczn\u0105 na adres e-mail: Email GDDKiAkpd@gddkia.gov.pl lub w wersji papierowej poczt\u0105 tradycyjn\u0105 na adres:\u00a0Generalna Dyrekcja Dr\u00f3g Krajowych i Autostrad [&hellip;]<\/p>\n","protected":false},"author":1,"featured_media":0,"parent":0,"menu_order":0,"comment_status":"closed","ping_status":"closed","template":"","meta":{"footnotes":""},"_links":{"self":[{"href":"https:\/\/kpd.gddkia.gov.pl\/index.php\/wp-json\/wp\/v2\/pages\/1635"}],"collection":[{"href":"https:\/\/kpd.gddkia.gov.pl\/index.php\/wp-json\/wp\/v2\/pages"}],"about":[{"href":"https:\/\/kpd.gddkia.gov.pl\/index.php\/wp-json\/wp\/v2\/types\/page"}],"author":[{"embeddable":true,"href":"https:\/\/kpd.gddkia.gov.pl\/index.php\/wp-json\/wp\/v2\/users\/1"}],"replies":[{"embeddable":true,"href":"https:\/\/kpd.gddkia.gov.pl\/index.php\/wp-json\/wp\/v2\/comments?post=1635"}],"version-history":[{"count":269,"href":"https:\/\/kpd.gddkia.gov.pl\/index.php\/wp-json\/wp\/v2\/pages\/1635\/revisions"}],"predecessor-version":[{"id":2864,"href":"https:\/\/kpd.gddkia.gov.pl\/index.php\/wp-json\/wp\/v2\/pages\/1635\/revisions\/2864"}],"wp:attachment":[{"href":"https:\/\/kpd.gddkia.gov.pl\/index.php\/wp-json\/wp\/v2\/media?parent=1635"}],"curies":[{"name":"wp","href":"https:\/\/api.w.org\/{rel}","templated":true}]}}