{"id":1504,"date":"2017-07-26T08:38:03","date_gmt":"2017-07-26T08:38:03","guid":{"rendered":"http:\/\/kpd.kpd-tst.qumak.pl\/?page_id=1504"},"modified":"2025-10-09T09:28:03","modified_gmt":"2025-10-09T09:28:03","slug":"utrudnienia-spoza-pl","status":"publish","type":"page","link":"https:\/\/kpd.gddkia.gov.pl\/index.php\/pl\/utrudnienia-spoza-pl\/","title":{"rendered":"Utrudnienia spoza PL"},"content":{"rendered":"<div id=\"pl-1504\"  class=\"panel-layout\" ><div id=\"pg-1504-0\"  class=\"panel-grid panel-no-style\" ><div id=\"pgc-1504-0-0\"  class=\"panel-grid-cell\" ><div id=\"panel-1504-0-0-0\" class=\"so-panel widget widget_sow-editor panel-first-child panel-last-child\" data-index=\"0\" ><div\r\n\t\t\t\r\n\t\t\tclass=\"so-widget-sow-editor so-widget-sow-editor-base\"\r\n\t\t\t\r\n\t\t>\r\n<div class=\"siteorigin-widget-tinymce textwidget\">\r\n\t<p><strong><span style=\"font-family: verdana, geneva, sans-serif;\" data-mce-style=\"font-family: verdana, geneva, sans-serif;\">Republika Czeska:<\/span><\/strong><\/p>\n<p><a href=\"http:\/\/www.dopravniinfo.cz\/\" data-mce-href=\"http:\/\/www.dopravniinfo.cz\/\"><span class=\"wcag_hide\">Link kieruje na storne utrudnie\u0144 Republiki Czeskiej<\/span>http:\/\/www.dopravniinfo.cz\/<\/a><\/p>\n<p><strong><span style=\"font-family: verdana, geneva, sans-serif;\" data-mce-style=\"font-family: verdana, geneva, sans-serif;\">Republika Federalna Niemiec:<\/span><\/strong><\/p>\n<p><a href=\"http:\/\/www.verkehrsinfo.de\/\" data-mce-href=\"http:\/\/www.verkehrsinfo.de\/\"><span class=\"wcag_hide\">Link kieruje na storne utrudnie\u0144 Republiki Federalnej Niemiec<\/span>http:\/\/www.verkehrsinfo.de\/<\/a><\/p>\n<p><a href=\"http:\/\/www.ls.brandenburg.de\/cms\/detail.php\/bb1.c.238382.de\" data-mce-href=\"http:\/\/www.ls.brandenburg.de\/cms\/detail.php\/bb1.c.238382.de\"><span class=\"wcag_hide\">Link kieruje na storne utrudnie\u0144 Republiki Federalnej Niemiec<\/span>http:\/\/www.ls.brandenburg.de\/<\/a><\/p>\n<p><strong><span style=\"font-family: verdana, geneva, sans-serif;\" data-mce-style=\"font-family: verdana, geneva, sans-serif;\">S\u0142owacja:<\/span><\/strong><br \/><span style=\"font-family: verdana, geneva, sans-serif;\" data-mce-style=\"font-family: verdana, geneva, sans-serif;\"><a href=\"http:\/\/www.zjazdnost.sk\/map\/view.html\" data-mce-href=\"http:\/\/www.zjazdnost.sk\/map\/view.html\"><span class=\"wcag_hide\">Link kieruje na storne utrudnie\u0144 S\u0142owacji<\/span>http:\/\/www.zjazdnost.sk\/map\/view.html<\/a><\/span><\/p>\n<p><strong><span style=\"font-family: verdana, geneva, sans-serif;\" data-mce-style=\"font-family: verdana, geneva, sans-serif;\">Ukraina:<\/span><\/strong><br \/><span style=\"font-family: verdana, geneva, sans-serif;\" data-mce-style=\"font-family: verdana, geneva, sans-serif;\"><a href=\"http:\/\/mtu.gov.ua\/intermap\/#15\" data-mce-href=\"http:\/\/mtu.gov.ua\/intermap\/#15\"><span class=\"wcag_hide\">Link kieruje na storne utrudnie\u0144 Ukrainy<\/span>http:\/\/mtu.gov.ua\/intermap\/#15<\/a><\/span><\/p>\n<p><strong><span style=\"font-family: verdana, geneva, sans-serif;\" data-mce-style=\"font-family: verdana, geneva, sans-serif;\">Bia\u0142oru\u015b:<\/span><\/strong><br \/><span style=\"font-family: verdana, geneva, sans-serif;\" data-mce-style=\"font-family: verdana, geneva, sans-serif;\"><a href=\"http:\/\/www.belavtodor.belhost.by\" data-mce-href=\"http:\/\/www.belavtodor.belhost.by\"><span class=\"wcag_hide\">Link kieruje na storne utrudnie\u0144 Bia\u0142orusi<\/span>http:\/\/www.belavtodor.belhost.by<br \/><\/a><\/span><span style=\"font-family: verdana, geneva, sans-serif;\" data-mce-style=\"font-family: verdana, geneva, sans-serif;\"><a href=\"http:\/\/i.centr.by\/inforoads\/ru\/dises\" data-mce-href=\"http:\/\/i.centr.by\/inforoads\/ru\/dises\"><span class=\"wcag_hide\">Link kieruje na storne utrudnie\u0144 Bia\u0142orusi<\/span>http:\/\/i.centr.by\/inforoads\/ru\/dises<\/a><\/span><\/p>\n<p><strong><span style=\"font-family: verdana, geneva, sans-serif;\" data-mce-style=\"font-family: verdana, geneva, sans-serif;\">S\u0142owenia:<\/span><\/strong><\/p>\n<p><span id=\"_mce_caret\" data-mce-bogus=\"1\" data-mce-type=\"format-caret\"><a data-mce-href=\"https:\/\/www.promet.si\/\" href=\"https:\/\/www.promet.si\/\">https:\/\/www.promet.si\/<\/a><\/span><\/p>\n<p><br data-mce-bogus=\"1\"\/><\/p>\n<\/div>\r\n<\/div><\/div><\/div><\/div><\/div>","protected":false},"excerpt":{"rendered":"<p>Republika Czeska: Link kieruje na storne utrudnie\u0144 Republiki Czeskiejhttp:\/\/www.dopravniinfo.cz\/ Republika Federalna Niemiec: Link kieruje na storne utrudnie\u0144 Republiki Federalnej Niemiechttp:\/\/www.verkehrsinfo.de\/ Link kieruje na storne utrudnie\u0144 Republiki Federalnej Niemiechttp:\/\/www.ls.brandenburg.de\/ S\u0142owacja:Link kieruje na storne utrudnie\u0144 S\u0142owacjihttp:\/\/www.zjazdnost.sk\/map\/view.html Ukraina:Link kieruje na storne utrudnie\u0144 Ukrainyhttp:\/\/mtu.gov.ua\/intermap\/#15 Bia\u0142oru\u015b:Link kieruje na storne utrudnie\u0144 Bia\u0142orusihttp:\/\/www.belavtodor.belhost.byLink kieruje na storne utrudnie\u0144 Bia\u0142orusihttp:\/\/i.centr.by\/inforoads\/ru\/dises S\u0142owenia: https:\/\/www.promet.si\/<\/p>\n","protected":false},"author":1,"featured_media":0,"parent":0,"menu_order":0,"comment_status":"closed","ping_status":"closed","template":"","meta":{"footnotes":""},"_links":{"self":[{"href":"https:\/\/kpd.gddkia.gov.pl\/index.php\/wp-json\/wp\/v2\/pages\/1504"}],"collection":[{"href":"https:\/\/kpd.gddkia.gov.pl\/index.php\/wp-json\/wp\/v2\/pages"}],"about":[{"href":"https:\/\/kpd.gddkia.gov.pl\/index.php\/wp-json\/wp\/v2\/types\/page"}],"author":[{"embeddable":true,"href":"https:\/\/kpd.gddkia.gov.pl\/index.php\/wp-json\/wp\/v2\/users\/1"}],"replies":[{"embeddable":true,"href":"https:\/\/kpd.gddkia.gov.pl\/index.php\/wp-json\/wp\/v2\/comments?post=1504"}],"version-history":[{"count":61,"href":"https:\/\/kpd.gddkia.gov.pl\/index.php\/wp-json\/wp\/v2\/pages\/1504\/revisions"}],"predecessor-version":[{"id":2165,"href":"https:\/\/kpd.gddkia.gov.pl\/index.php\/wp-json\/wp\/v2\/pages\/1504\/revisions\/2165"}],"wp:attachment":[{"href":"https:\/\/kpd.gddkia.gov.pl\/index.php\/wp-json\/wp\/v2\/media?parent=1504"}],"curies":[{"name":"wp","href":"https:\/\/api.w.org\/{rel}","templated":true}]}}