{"id":1353,"date":"2017-07-11T13:20:04","date_gmt":"2017-07-11T13:20:04","guid":{"rendered":"http:\/\/kpd.kpd-tst.qumak.pl\/?page_id=1353"},"modified":"2023-02-03T23:16:07","modified_gmt":"2023-02-03T23:16:07","slug":"usluga-kpd","status":"publish","type":"page","link":"https:\/\/kpd.gddkia.gov.pl\/index.php\/pl\/usluga-kpd\/","title":{"rendered":"Us\u0142uga KPD"},"content":{"rendered":"<div id=\"pl-1353\"  class=\"panel-layout\" ><div id=\"pg-1353-0\"  class=\"panel-grid panel-no-style\" ><div id=\"pgc-1353-0-0\"  class=\"panel-grid-cell\" ><div id=\"panel-1353-0-0-0\" class=\"so-panel widget widget_sow-editor panel-first-child\" data-index=\"0\" ><div\r\n\t\t\t\r\n\t\t\tclass=\"so-widget-sow-editor so-widget-sow-editor-base\"\r\n\t\t\t\r\n\t\t>\r\n<div class=\"siteorigin-widget-tinymce textwidget\">\r\n\t<p style=\"text-align: left;\"><span style=\"font-family: verdana, geneva, sans-serif;\">Us\u0142uga KPD to jednolity w skali kraju punkt dost\u0119powy do danych u\u017cytecznych przy tworzeniu serwis\u00f3w informacji dla podr\u00f3\u017cnych, kt\u00f3ra jest z\u0142o\u017cona z bazy danych i oprogramowania. Us\u0142uga realizowana jest\u00a0w ramach projekt\u00f3w \u201eBudowa Krajowego Punktu Dost\u0119powego do informacji o warunkach ruchu\u201d (KPD1) oraz \u201eBudowa Krajowego Punktu Dost\u0119powego do informacji o warunkach ruchu 2\u201d (KPD2), kt\u00f3re uzyska\u0142y dofinansowanie z funduszu CEF (ang. Connecting Europe Facility) w ramach europejskich projekt\u00f3w CROCODILE 1 i CROCODILE 2.<\/span><\/p>\n<p style=\"text-align: left;\"><span style=\"font-family: verdana, geneva, sans-serif;\">Bezpo\u015brednimi odbiorcami\u00a0us\u0142ugi KPD\u00a0s\u0105 zarz\u0105dcy dr\u00f3g na wszystkich szczeblach administracyjnych, s\u0142u\u017cby ratownicze oraz komercyjni dostawcy i odbiorcy danych. Po\u015brednio dane b\u0119d\u0105 przekazywane przez powy\u017csze podmioty do podr\u00f3\u017cuj\u0105cych, zwi\u0119kszaj\u0105c komfort i bezpiecze\u0144stwo podr\u00f3\u017cy. <br \/>Us\u0142uga KPD zapewnia jednolity interfejs komunikacyjny, zgodny z wymaganiami Komisji Europejskiej, kt\u00f3ry umo\u017cliwia zainteresowanym podmiotom jego \u0142atw\u0105 implementacj\u0119 w posiadanych systemach. Opis sposobu \u201epod\u0142\u0105czenia\u201d do KPD zosta\u0142 okre\u015blony w specyfikacjach technicznych.<\/span><\/p>\n<\/div>\r\n<\/div><\/div><div id=\"panel-1353-0-0-1\" class=\"so-panel widget widget_sow-editor panel-last-child\" data-index=\"1\" ><div\r\n\t\t\t\r\n\t\t\tclass=\"so-widget-sow-editor so-widget-sow-editor-base\"\r\n\t\t\t\r\n\t\t>\r\n<div class=\"siteorigin-widget-tinymce textwidget\">\r\n\t<\/div>\r\n<\/div><\/div><\/div><div id=\"pgc-1353-0-1\"  class=\"panel-grid-cell\" ><div id=\"panel-1353-0-1-0\" class=\"so-panel widget widget_sow-button panel-first-child panel-last-child\" data-index=\"2\" ><div\r\n\t\t\t\r\n\t\t\tclass=\"so-widget-sow-button so-widget-sow-button-atom-616c0200ccda-1353\"\r\n\t\t\t\r\n\t\t><div class=\"ow-button-base ow-button-align-center\">\r\n\t<a\r\n\thref=\"http:\/\/kpd.gddkia.gov.pl\/index.php\/pl\/formularz-kontaktowy\/\"\r\n\t\tclass=\"ow-icon-placement-left ow-button-hover\" target=\"_blank\" rel=\"noopener noreferrer\" \t>\r\n\t\t<span>\r\n\t\t\t\r\n\t\t\tKONTAKT\t\t<\/span>\r\n\t<\/a>\r\n<\/div>\r\n<\/div><\/div><\/div><\/div><div id=\"pg-1353-1\"  class=\"panel-grid panel-no-style\" ><div id=\"pgc-1353-1-0\"  class=\"panel-grid-cell\" ><div id=\"panel-1353-1-0-0\" class=\"so-panel widget widget_sow-editor panel-first-child panel-last-child\" data-index=\"3\" ><div\r\n\t\t\t\r\n\t\t\tclass=\"so-widget-sow-editor so-widget-sow-editor-base\"\r\n\t\t\t\r\n\t\t>\r\n<div class=\"siteorigin-widget-tinymce textwidget\">\r\n\t<h3><span style=\"font-family: verdana, geneva, sans-serif;\"><strong>Harmonogram test\u00f3w:<\/strong><\/span><\/h3>\n<p><span style=\"font-family: verdana, geneva, sans-serif;\"><strong>Testowy serwis wymiany komunikat\u00f3w jest dost\u0119pny przez ca\u0142\u0105 dob\u0119 7 dni w tygodniu. <\/strong><\/span><\/p>\n<\/div>\r\n<\/div><\/div><\/div><\/div><\/div>","protected":false},"excerpt":{"rendered":"<p>Us\u0142uga KPD to jednolity w skali kraju punkt dost\u0119powy do danych u\u017cytecznych przy tworzeniu serwis\u00f3w informacji dla podr\u00f3\u017cnych, kt\u00f3ra jest z\u0142o\u017cona z bazy danych i oprogramowania. Us\u0142uga realizowana jest\u00a0w ramach projekt\u00f3w \u201eBudowa Krajowego Punktu Dost\u0119powego do informacji o warunkach ruchu\u201d (KPD1) oraz \u201eBudowa Krajowego Punktu Dost\u0119powego do informacji o warunkach ruchu 2\u201d (KPD2), kt\u00f3re uzyska\u0142y [&hellip;]<\/p>\n","protected":false},"author":1,"featured_media":0,"parent":0,"menu_order":0,"comment_status":"closed","ping_status":"closed","template":"","meta":{"footnotes":""},"_links":{"self":[{"href":"https:\/\/kpd.gddkia.gov.pl\/index.php\/wp-json\/wp\/v2\/pages\/1353"}],"collection":[{"href":"https:\/\/kpd.gddkia.gov.pl\/index.php\/wp-json\/wp\/v2\/pages"}],"about":[{"href":"https:\/\/kpd.gddkia.gov.pl\/index.php\/wp-json\/wp\/v2\/types\/page"}],"author":[{"embeddable":true,"href":"https:\/\/kpd.gddkia.gov.pl\/index.php\/wp-json\/wp\/v2\/users\/1"}],"replies":[{"embeddable":true,"href":"https:\/\/kpd.gddkia.gov.pl\/index.php\/wp-json\/wp\/v2\/comments?post=1353"}],"version-history":[{"count":55,"href":"https:\/\/kpd.gddkia.gov.pl\/index.php\/wp-json\/wp\/v2\/pages\/1353\/revisions"}],"predecessor-version":[{"id":3815,"href":"https:\/\/kpd.gddkia.gov.pl\/index.php\/wp-json\/wp\/v2\/pages\/1353\/revisions\/3815"}],"wp:attachment":[{"href":"https:\/\/kpd.gddkia.gov.pl\/index.php\/wp-json\/wp\/v2\/media?parent=1353"}],"curies":[{"name":"wp","href":"https:\/\/api.w.org\/{rel}","templated":true}]}}