{"id":1270,"date":"2017-06-29T09:15:56","date_gmt":"2017-06-29T09:15:56","guid":{"rendered":"http:\/\/kpd.kpd-tst.qumak.pl\/?page_id=1270"},"modified":"2020-06-18T21:26:52","modified_gmt":"2020-06-18T21:26:52","slug":"main","status":"publish","type":"page","link":"https:\/\/kpd.gddkia.gov.pl\/index.php\/pl\/main\/","title":{"rendered":"Strona g\u0142\u00f3wna"},"content":{"rendered":"<div id=\"pl-1270\"  class=\"panel-layout\" ><div id=\"pg-1270-0\"  class=\"panel-grid panel-has-style\" ><div class=\"homepage-mobile-row panel-row-style panel-row-style-for-1270-0\" ><div id=\"pgc-1270-0-0\"  class=\"panel-grid-cell\" ><div id=\"panel-1270-0-0-0\" class=\"so-panel widget widget_sow-editor panel-first-child\" data-index=\"0\" ><div class=\"panel-widget-style panel-widget-style-for-1270-0-0-0\" ><div\r\n\t\t\t\r\n\t\t\tclass=\"so-widget-sow-editor so-widget-sow-editor-base\"\r\n\t\t\t\r\n\t\t>\r\n<div class=\"siteorigin-widget-tinymce textwidget\">\r\n\t<p>&nbsp;<\/p>\n<hr \/>\n<p>&nbsp;<\/p>\n<\/div>\r\n<\/div><\/div><\/div><div id=\"panel-1270-0-0-1\" class=\"so-panel widget widget_sow-editor\" data-index=\"1\" ><div class=\"panel-widget-style panel-widget-style-for-1270-0-0-1\" ><div\r\n\t\t\t\r\n\t\t\tclass=\"so-widget-sow-editor so-widget-sow-editor-base\"\r\n\t\t\t\r\n\t\t>\r\n<div class=\"siteorigin-widget-tinymce textwidget\">\r\n\t<h2 style=\"font-size: 18px !important; font-family: verdana, geneva, sans-serif;\">KPD \u0179R\u00d3D\u0141EM DANYCH O WARUNKACH RUCHU<\/h2>\n<\/div>\r\n<\/div><\/div><\/div><div id=\"panel-1270-0-0-2\" class=\"so-panel widget widget_sow-editor panel-last-child\" data-index=\"2\" ><div\r\n\t\t\t\r\n\t\t\tclass=\"so-widget-sow-editor so-widget-sow-editor-base\"\r\n\t\t\t\r\n\t\t>\r\n<div class=\"siteorigin-widget-tinymce textwidget\">\r\n\t<p style=\"text-align: left;\"><span style=\"font-family: verdana, geneva, sans-serif;\"><strong>Us\u0142uga Krajowego Punktu Dost\u0119powego realizowana w ramach mi\u0119dzynarodowych projekt\u00f3w <span lang=\"en\">CROCODILE<\/span> i <span lang=\"en\">CROCODILE<\/span> 2 zapewnia\u00a0jednolit\u0105 w skali kraju informacj\u0119 o warunkach ruchu, a w\u00a0nied\u0142ugim czasie\u00a0<\/strong><strong>r\u00f3wnie\u017c <\/strong><strong>umo\u017cliwi\u00a0transgraniczn\u0105 wymian\u0119 danych.\u00a0Jednolity interfejs komunikacyjny, zgodny z wymaganiami Komisji Europejskiej, zapewni interoperacyjno\u015b\u0107.<\/strong><\/span><\/p>\n<\/div>\r\n<\/div><\/div><\/div><\/div><\/div><div id=\"pg-1270-1\"  class=\"panel-grid panel-no-style\" ><div id=\"pgc-1270-1-0\"  class=\"panel-grid-cell\" ><div id=\"panel-1270-1-0-0\" class=\"so-panel widget widget_sow-editor panel-first-child panel-last-child\" data-index=\"3\" ><div class=\"homepage-img-big panel-widget-style panel-widget-style-for-1270-1-0-0\" ><div\r\n\t\t\t\r\n\t\t\tclass=\"so-widget-sow-editor so-widget-sow-editor-base\"\r\n\t\t\t\r\n\t\t>\r\n<div class=\"siteorigin-widget-tinymce textwidget\">\r\n\t<h2 class=\"wcag_hide\">Krajowy Punkt Dost\u0119powy dostarcza informacji dla<\/h2>\n<p><img decoding=\"async\" id=\"home_img_pl\" class=\"img_size\" alt=\"\" src=\"\/wp-content\/uploads\/2017\/06\/KPD2.png\"\/><\/p>\n<\/div>\r\n<\/div><\/div><\/div><\/div><div id=\"pgc-1270-1-1\"  class=\"panel-grid-cell panel-grid-cell-mobile-last\" ><div class=\"panel-cell-style panel-cell-style-for-1270-1-1\" ><div id=\"panel-1270-1-1-0\" class=\"so-panel widget widget_sow-editor panel-first-child\" data-index=\"4\" ><div class=\"homepage-first panel-widget-style panel-widget-style-for-1270-1-1-0\" ><div\r\n\t\t\t\r\n\t\t\tclass=\"so-widget-sow-editor so-widget-sow-editor-base\"\r\n\t\t\t\r\n\t\t>\r\n<div class=\"siteorigin-widget-tinymce textwidget\">\r\n\t<p><img loading=\"lazy\" decoding=\"async\" width=\"1134\" height=\"925\" class=\"homepage-img aligncenter wp-image-1498\" style=\"margin-bottom: -10px\" src=\"\/wp-content\/uploads\/2017\/06\/zarzadzajacy-drog.png\" alt=\"\" \/><\/p>\n<h3 style=\"text-align: center; font-size: 18px !important; font-family: verdana, geneva, sans-serif;\" aria-hidden=\"true\">ZARZ\u0104DCY DR\u00d3G<\/h3>\n<p>&nbsp;<\/p>\n<\/div>\r\n<\/div><\/div><\/div><div id=\"panel-1270-1-1-1\" class=\"so-panel widget widget_sow-editor\" data-index=\"5\" ><div class=\"homepage-first-hover homepage-hide panel-widget-style panel-widget-style-for-1270-1-1-1\" ><div\r\n\t\t\t\r\n\t\t\tclass=\"so-widget-sow-editor so-widget-sow-editor-base\"\r\n\t\t\t\r\n\t\t>\r\n<div class=\"siteorigin-widget-tinymce textwidget\">\r\n\t<h3 style=\"font-size: 24px  !important; text-align: center; font-family: verdana, geneva, sans-serif;\">ZARZ\u0104DCY DR\u00d3G<\/h3>\n<p style=\"text-align: center; font-family: verdana, geneva, sans-serif;\">uzyskuj\u0105 bie\u017c\u0105c\u0105 informacj\u0119 o warunkach ruchu i robotach drogowych na przyleg\u0142ej sieci drogowej nale\u017c\u0105cej do innych zarz\u0105dc\u00f3w dr\u00f3g.<br \/>\n<strong><span style=\"font-family: verdana, geneva, sans-serif;\"><a class=\"caf-first\" href=\"\/index.php\/pl\/zarzadcy-drog\/\"><ins>Kliknij tutaj<\/ins><span class=\"wcag_hide\">, aby dowiedzie\u0107 si\u0119 wi\u0119cej o Zarz\u0105dcach Dr\u00f3g<\/span>.<\/a><\/span><\/strong><\/p>\n<\/div>\r\n<\/div><\/div><\/div><div id=\"panel-1270-1-1-2\" class=\"so-panel widget widget_sow-editor\" data-index=\"6\" ><div class=\"homepage-second panel-widget-style panel-widget-style-for-1270-1-1-2\" ><div\r\n\t\t\t\r\n\t\t\tclass=\"so-widget-sow-editor so-widget-sow-editor-base\"\r\n\t\t\t\r\n\t\t>\r\n<div class=\"siteorigin-widget-tinymce textwidget\">\r\n\t<p><img loading=\"lazy\" decoding=\"async\" width=\"1134\" height=\"925\" class=\"homepage-img aligncenter wp-image-1495\" style=\"margin-bottom: -10px;\" src=\"\/wp-content\/uploads\/2017\/06\/dostawcy-uslug.png\" alt=\"\" \/><\/p>\n<h3 style=\"text-align: center; font-size: 18px  !important;  font-family: verdana, geneva, sans-serif;\" aria-hidden=\"true\">DOSTAWCY US\u0141UG<\/h3>\n<p>&nbsp;<\/p>\n<\/div>\r\n<\/div><\/div><\/div><div id=\"panel-1270-1-1-3\" class=\"so-panel widget widget_sow-editor\" data-index=\"7\" ><div class=\"homepage-second-hover homepage-hide panel-widget-style panel-widget-style-for-1270-1-1-3\" ><div\r\n\t\t\t\r\n\t\t\tclass=\"so-widget-sow-editor so-widget-sow-editor-base\"\r\n\t\t\t\r\n\t\t>\r\n<div class=\"siteorigin-widget-tinymce textwidget\">\r\n\t<h3 style=\"font-size: 24px  !important; text-align: center; font-family: verdana, geneva, sans-serif;\">DOSTAWCY US\u0141UG<\/h3>\n<p style=\"text-align: center; font-family: verdana, geneva, sans-serif;\">zmniejszaj\u0105 koszty operacyjne zwi\u0105zane z pozyskiwaniem danych od zarz\u0105dc\u00f3w dr\u00f3g oraz tworz\u0105 innowacyjne us\u0142ugi informacji o podr\u00f3\u017cy.<br \/>\n<strong><a class=\"caf-second\" style=\"font-family: verdana, geneva, sans-serif;\" href=\"\/index.php\/pl\/dostawcy-uslug\/\"><ins>Kliknij tutaj<\/ins><span class=\"wcag_hide\">, aby dowiedzie\u0107 si\u0119 wi\u0119cej o Dostawcach Us\u0142ug<\/span>.<\/a><\/strong><\/p>\n<\/div>\r\n<\/div><\/div><\/div><div id=\"panel-1270-1-1-4\" class=\"so-panel widget widget_sow-editor\" data-index=\"8\" ><div class=\"homepage-third panel-widget-style panel-widget-style-for-1270-1-1-4\" ><div\r\n\t\t\t\r\n\t\t\tclass=\"so-widget-sow-editor so-widget-sow-editor-base\"\r\n\t\t\t\r\n\t\t>\r\n<div class=\"siteorigin-widget-tinymce textwidget\">\r\n\t<p><img loading=\"lazy\" decoding=\"async\" width=\"1134\" height=\"925\" style=\"margin-bottom: -10px;\" class=\"homepage-img aligncenter wp-image-1496\" src=\"\/wp-content\/uploads\/2017\/06\/Media.png\" alt=\"\" \/><\/p>\n<h3 style=\"text-align: center; font-size: 18px  !important;  font-family: verdana, geneva, sans-serif;\" aria-hidden=\"true\">MEDIA<\/h3>\n<p>&nbsp;<\/p>\n<\/div>\r\n<\/div><\/div><\/div><div id=\"panel-1270-1-1-5\" class=\"so-panel widget widget_sow-editor\" data-index=\"9\" ><div class=\"homepage-third-hover homepage-hide panel-widget-style panel-widget-style-for-1270-1-1-5\" ><div\r\n\t\t\t\r\n\t\t\tclass=\"so-widget-sow-editor so-widget-sow-editor-base\"\r\n\t\t\t\r\n\t\t>\r\n<div class=\"siteorigin-widget-tinymce textwidget\">\r\n\t<h3 style=\"font-size: 24px  !important; text-align: center; font-family: verdana, geneva, sans-serif;\">MEDIA<\/h3>\n<p style=\"text-align: center; font-family: verdana, geneva, sans-serif;\">pozyskuj\u0105 wiarygodn\u0105 informacj\u0119 publiczn\u0105 oraz umo\u017cliwi\u0105 przekazywanie informacji o warunkach ruchu szerokiej rzeszy odbiorc\u00f3w.<br \/>\n<strong><a class=\"caf-third\" style=\"font-family: verdana, geneva, sans-serif;\" href=\"\/index.php\/pl\/media\/\"><ins>Kliknij tutaj<\/ins><span class=\"wcag_hide\">, aby dowiedzie\u0107 si\u0119 wi\u0119cej o Mediach<\/span>.<\/a><\/strong><\/p>\n<\/div>\r\n<\/div><\/div><\/div><div id=\"panel-1270-1-1-6\" class=\"so-panel widget widget_sow-editor\" data-index=\"10\" ><div class=\"homepage-fourth panel-widget-style panel-widget-style-for-1270-1-1-6\" ><div\r\n\t\t\t\r\n\t\t\tclass=\"so-widget-sow-editor so-widget-sow-editor-base\"\r\n\t\t\t\r\n\t\t>\r\n<div class=\"siteorigin-widget-tinymce textwidget\">\r\n\t<p><img loading=\"lazy\" decoding=\"async\" width=\"1134\" height=\"925\" class=\"homepage-img aligncenter wp-image-1497\" style=\"margin-bottom: -10px;\" src=\"\/wp-content\/uploads\/2017\/06\/Sluzby_ratownicze-01.png\" alt=\"\" \/><\/p>\n<h3 style=\"text-align: center; font-size: 18px  !important;  font-family: verdana, geneva, sans-serif;\" aria-hidden=\"true\">S\u0141U\u017bBY RATOWNICZE<\/h3>\n<p>&nbsp;<\/p>\n<\/div>\r\n<\/div><\/div><\/div><div id=\"panel-1270-1-1-7\" class=\"so-panel widget widget_sow-editor panel-last-child\" data-index=\"11\" ><div class=\"homepage-fourth-hover homepage-hide panel-widget-style panel-widget-style-for-1270-1-1-7\" ><div\r\n\t\t\t\r\n\t\t\tclass=\"so-widget-sow-editor so-widget-sow-editor-base\"\r\n\t\t\t\r\n\t\t>\r\n<div class=\"siteorigin-widget-tinymce textwidget\">\r\n\t<h3 style=\"font-size: 24px  !important; text-align: center; font-family: verdana, geneva, sans-serif;\">S\u0141U\u017bBY RATOWNICZE<\/h3>\n<p style=\"text-align: center; font-family: verdana, geneva, sans-serif;\">pozyskuj\u0105 wiarygodn\u0105 informacj\u0119 o utrudnieniach, co umo\u017cliwi szybki dojazd do potrzebuj\u0105cych pomocy.<br \/>\n<strong><a class=\"caf-fourth\" style=\"font-family: verdana, geneva, sans-serif;\" href=\"\/index.php\/pl\/sluzby-ratownicze\/\"><ins>Kliknij tutaj<\/ins><span class=\"wcag_hide\">, aby dowiedzie\u0107 si\u0119 wi\u0119cej o S\u0142u\u017cbach Ratowniczych<\/span>.<\/a><\/strong><\/p>\n<\/div>\r\n<\/div><\/div><\/div><\/div><\/div><div id=\"pgc-1270-1-2\"  class=\"panel-grid-cell panel-grid-cell-empty\" ><\/div><\/div><div id=\"pg-1270-2\"  class=\"panel-grid panel-has-style\" ><div id=\"kpd-logos-mobile\" class=\"panel-row-style panel-row-style-for-1270-2\" ><div id=\"pgc-1270-2-0\"  class=\"panel-grid-cell\" ><div id=\"panel-1270-2-0-0\" class=\"so-panel widget widget_sow-editor panel-first-child\" data-index=\"12\" ><div\r\n\t\t\t\r\n\t\t\tclass=\"so-widget-sow-editor so-widget-sow-editor-base\"\r\n\t\t\t\r\n\t\t>\r\n<div class=\"siteorigin-widget-tinymce textwidget\">\r\n\t<p><a href=\"https:\/\/ec.europa.eu\/inea\/en\/connecting-europe-facility\" target=\"_blank\" rel=\"noopener noreferrer\"><img loading=\"lazy\" decoding=\"async\" class=\"so-widget-image\" alt=\"Logo Instrument \u0141\u0105cz\u0105c Europ\u0119\" src=\"\/wp-content\/uploads\/2017\/06\/pl_cef__small.png\" width=\"245\" height=\"30\" \/><br \/>\n<\/a><\/p>\n<\/div>\r\n<\/div><\/div><div id=\"panel-1270-2-0-1\" class=\"so-panel widget widget_sow-editor\" data-index=\"13\" ><div\r\n\t\t\t\r\n\t\t\tclass=\"so-widget-sow-editor so-widget-sow-editor-base\"\r\n\t\t\t\r\n\t\t>\r\n<div class=\"siteorigin-widget-tinymce textwidget\">\r\n\t<p><a href=\"https:\/\/crocodile.its-platform.eu\/\" target=\"_blank\" rel=\"noopener noreferrer\"><img loading=\"lazy\" decoding=\"async\" class=\"so-widget-image\" src=\"\/wp-content\/uploads\/2017\/06\/crocodile_small.png\" alt=\"Logo Crocodile\" width=\"86\" height=\"50\" \/><br \/>\n<\/a><\/p>\n<\/div>\r\n<\/div><\/div><div id=\"panel-1270-2-0-2\" class=\"so-panel widget widget_sow-editor panel-last-child\" data-index=\"14\" ><div\r\n\t\t\t\r\n\t\t\tclass=\"so-widget-sow-editor so-widget-sow-editor-base\"\r\n\t\t\t\r\n\t\t>\r\n<div class=\"siteorigin-widget-tinymce textwidget\">\r\n\t<p><a href=\"http:\/\/www.mib.gov.pl\" target=\"_blank\" rel=\"noopener noreferrer\"><img loading=\"lazy\" decoding=\"async\" class=\"so-widget-image\" src=\"\/wp-content\/uploads\/2017\/06\/mib_small.png\" alt=\"Logo Ministerstwo Infrastruktury i Budownictwa\" width=\"176\" height=\"50\" \/><br \/>\n<\/a><\/p>\n<\/div>\r\n<\/div><\/div><\/div><\/div><\/div><div id=\"pg-1270-3\"  class=\"panel-grid panel-has-style\" ><div class=\"panel-row-style panel-row-style-for-1270-3\" ><div id=\"pgc-1270-3-0\"  class=\"panel-grid-cell\" ><div id=\"panel-1270-3-0-0\" class=\"so-panel widget widget_sow-editor panel-first-child\" data-index=\"15\" ><div class=\"panel-widget-style panel-widget-style-for-1270-3-0-0\" ><div\r\n\t\t\t\r\n\t\t\tclass=\"so-widget-sow-editor so-widget-sow-editor-base\"\r\n\t\t\t\r\n\t\t>\r\n<div class=\"siteorigin-widget-tinymce textwidget\">\r\n\t<h2 style=\"font-size: 18px !important; font-family: verdana, geneva, sans-serif;\">KPD \u0179R\u00d3D\u0141EM DANYCH O WARUNKACH RUCHU<\/h2>\n<\/div>\r\n<\/div><\/div><\/div><div id=\"panel-1270-3-0-1\" class=\"so-panel widget widget_sow-editor panel-last-child\" data-index=\"16\" ><div class=\"panel-widget-style panel-widget-style-for-1270-3-0-1\" ><div\r\n\t\t\t\r\n\t\t\tclass=\"so-widget-sow-editor so-widget-sow-editor-base\"\r\n\t\t\t\r\n\t\t>\r\n<div class=\"siteorigin-widget-tinymce textwidget\">\r\n\t<p><span style=\"font-family: verdana, geneva, sans-serif;\"><strong>Us\u0142uga Krajowego Punktu Dost\u0119powego realizowana w ramach mi\u0119dzynarodowych projekt\u00f3w <span lang=\"en\">CROCODILE<\/span> i <span lang=\"en\">CROCODILE<\/span> 2 zapewnia wiarygodn\u0105 informacj\u0119 o warunkach ruchu w skali kraju, a w przysz\u0142o\u015bci umo\u017cliwi transgraniczn\u0105 wymian\u0119 danych.\u00a0Jednolity interfejs komunikacyjny, zgodny z wymaganiami Komisji Europejskiej, zapewni interoperacyjno\u015b\u0107.<\/strong><\/span><\/p>\n<\/div>\r\n<\/div><\/div><\/div><\/div><\/div><\/div><\/div>","protected":false},"excerpt":{"rendered":"<p>&nbsp; &nbsp; KPD \u0179R\u00d3D\u0141EM DANYCH O WARUNKACH RUCHU Us\u0142uga Krajowego Punktu Dost\u0119powego realizowana w ramach mi\u0119dzynarodowych projekt\u00f3w CROCODILE i CROCODILE 2 zapewnia\u00a0jednolit\u0105 w skali kraju informacj\u0119 o warunkach ruchu, a w\u00a0nied\u0142ugim czasie\u00a0r\u00f3wnie\u017c umo\u017cliwi\u00a0transgraniczn\u0105 wymian\u0119 danych.\u00a0Jednolity interfejs komunikacyjny, zgodny z wymaganiami Komisji Europejskiej, zapewni interoperacyjno\u015b\u0107. Krajowy Punkt Dost\u0119powy dostarcza informacji dla ZARZ\u0104DCY DR\u00d3G &nbsp; ZARZ\u0104DCY DR\u00d3G [&hellip;]<\/p>\n","protected":false},"author":1,"featured_media":0,"parent":0,"menu_order":0,"comment_status":"closed","ping_status":"closed","template":"","meta":{"footnotes":""},"_links":{"self":[{"href":"https:\/\/kpd.gddkia.gov.pl\/index.php\/wp-json\/wp\/v2\/pages\/1270"}],"collection":[{"href":"https:\/\/kpd.gddkia.gov.pl\/index.php\/wp-json\/wp\/v2\/pages"}],"about":[{"href":"https:\/\/kpd.gddkia.gov.pl\/index.php\/wp-json\/wp\/v2\/types\/page"}],"author":[{"embeddable":true,"href":"https:\/\/kpd.gddkia.gov.pl\/index.php\/wp-json\/wp\/v2\/users\/1"}],"replies":[{"embeddable":true,"href":"https:\/\/kpd.gddkia.gov.pl\/index.php\/wp-json\/wp\/v2\/comments?post=1270"}],"version-history":[{"count":384,"href":"https:\/\/kpd.gddkia.gov.pl\/index.php\/wp-json\/wp\/v2\/pages\/1270\/revisions"}],"predecessor-version":[{"id":1768,"href":"https:\/\/kpd.gddkia.gov.pl\/index.php\/wp-json\/wp\/v2\/pages\/1270\/revisions\/1768"}],"wp:attachment":[{"href":"https:\/\/kpd.gddkia.gov.pl\/index.php\/wp-json\/wp\/v2\/media?parent=1270"}],"curies":[{"name":"wp","href":"https:\/\/api.w.org\/{rel}","templated":true}]}}