{"id":1213,"date":"2017-06-12T12:35:14","date_gmt":"2017-06-12T12:35:14","guid":{"rendered":"http:\/\/kpd.test1.clurgo.com\/?page_id=1213"},"modified":"2017-08-23T08:28:47","modified_gmt":"2017-08-23T08:28:47","slug":"pobierz","status":"publish","type":"page","link":"https:\/\/kpd.gddkia.gov.pl\/index.php\/pl\/pobierz\/","title":{"rendered":"Pobieranie za\u0142\u0105cznik\u00f3w ze strony platformy informacyjnej"},"content":{"rendered":"<p>wnioski instrukcje informacje<\/p>\n","protected":false},"excerpt":{"rendered":"<p>wnioski instrukcje informacje<\/p>\n","protected":false},"author":1,"featured_media":0,"parent":0,"menu_order":0,"comment_status":"closed","ping_status":"closed","template":"","meta":{"footnotes":""},"_links":{"self":[{"href":"https:\/\/kpd.gddkia.gov.pl\/index.php\/wp-json\/wp\/v2\/pages\/1213"}],"collection":[{"href":"https:\/\/kpd.gddkia.gov.pl\/index.php\/wp-json\/wp\/v2\/pages"}],"about":[{"href":"https:\/\/kpd.gddkia.gov.pl\/index.php\/wp-json\/wp\/v2\/types\/page"}],"author":[{"embeddable":true,"href":"https:\/\/kpd.gddkia.gov.pl\/index.php\/wp-json\/wp\/v2\/users\/1"}],"replies":[{"embeddable":true,"href":"https:\/\/kpd.gddkia.gov.pl\/index.php\/wp-json\/wp\/v2\/comments?post=1213"}],"version-history":[{"count":6,"href":"https:\/\/kpd.gddkia.gov.pl\/index.php\/wp-json\/wp\/v2\/pages\/1213\/revisions"}],"predecessor-version":[{"id":1560,"href":"https:\/\/kpd.gddkia.gov.pl\/index.php\/wp-json\/wp\/v2\/pages\/1213\/revisions\/1560"}],"wp:attachment":[{"href":"https:\/\/kpd.gddkia.gov.pl\/index.php\/wp-json\/wp\/v2\/media?parent=1213"}],"curies":[{"name":"wp","href":"https:\/\/api.w.org\/{rel}","templated":true}]}}